{"id":1519,"date":"2023-10-23T14:02:55","date_gmt":"2023-10-23T17:02:55","guid":{"rendered":"https:\/\/djmusicpro.com\/?page_id=1519"},"modified":"2024-01-02T06:26:12","modified_gmt":"2024-01-02T09:26:12","slug":"modulo-02-metodo-startup-7-6","status":"publish","type":"page","link":"https:\/\/djmusicpro.com\/pt_br\/modulo-02-metodo-startup-7-6\/","title":{"rendered":"Modulo 02 &#8211; M\u00e9todo Startup 7 EM 6"},"content":{"rendered":"\t\t<div data-elementor-type=\"wp-page\" data-elementor-id=\"1519\" class=\"elementor elementor-1519\" data-elementor-post-type=\"page\">\n\t\t\t\t<div class=\"elementor-element elementor-element-3c3480bc e-con-full e-flex e-con e-parent\" data-id=\"3c3480bc\" data-element_type=\"container\" data-e-type=\"container\">\n\t\t<div class=\"elementor-element elementor-element-b557931 e-con-full elementor-hidden-mobile elementor-hidden-tablet e-flex e-con e-child\" data-id=\"b557931\" data-element_type=\"container\" data-e-type=\"container\" data-settings=\"{&quot;background_background&quot;:&quot;classic&quot;}\">\n\t\t<div class=\"elementor-element elementor-element-533fd80f e-con-full elementor-hidden-mobile e-flex e-con e-child\" data-id=\"533fd80f\" data-element_type=\"container\" data-e-type=\"container\" data-settings=\"{&quot;background_background&quot;:&quot;classic&quot;,&quot;sticky&quot;:&quot;top&quot;,&quot;sticky_on&quot;:[&quot;desktop&quot;,&quot;tablet&quot;,&quot;mobile&quot;],&quot;sticky_offset&quot;:0,&quot;sticky_effects_offset&quot;:0,&quot;sticky_anchor_link_offset&quot;:0}\">\n\t\t<div class=\"elementor-element elementor-element-360e7224 e-flex e-con-boxed e-con e-child\" data-id=\"360e7224\" data-element_type=\"container\" data-e-type=\"container\" data-settings=\"{&quot;background_background&quot;:&quot;classic&quot;}\">\n\t\t\t\t\t<div class=\"e-con-inner\">\n\t\t\t\t<div class=\"elementor-element elementor-element-25d79682 elementor-widget elementor-widget-image\" data-id=\"25d79682\" data-element_type=\"widget\" data-e-type=\"widget\" data-widget_type=\"image.default\">\n\t\t\t\t<div class=\"elementor-widget-container\">\n\t\t\t\t\t\t\t\t\t\t\t\t\t\t\t<img decoding=\"async\" src=\"https:\/\/djmusicpro.com\/wp-content\/plugins\/ultimate-member\/assets\/img\/default_avatar.jpg\" title=\"\" alt=\"\" loading=\"lazy\" \/>\t\t\t\t\t\t\t\t\t\t\t\t\t\t\t<\/div>\n\t\t\t\t<\/div>\n\t\t\t\t<div class=\"elementor-element elementor-element-42cdb74e elementor-icon-list--layout-traditional elementor-list-item-link-full_width elementor-widget elementor-widget-icon-list\" data-id=\"42cdb74e\" data-element_type=\"widget\" data-e-type=\"widget\" data-widget_type=\"icon-list.default\">\n\t\t\t\t<div class=\"elementor-widget-container\">\n\t\t\t\t\t\t\t<ul class=\"elementor-icon-list-items\">\n\t\t\t\t\t\t\t<li class=\"elementor-icon-list-item\">\n\t\t\t\t\t\t\t\t\t\t\t<a href=\"https:\/\/djmusicpro.com\/\">\n\n\t\t\t\t\t\t\t\t\t\t\t\t<span class=\"elementor-icon-list-icon\">\n\t\t\t\t\t\t\t<svg xmlns=\"http:\/\/www.w3.org\/2000\/svg\" width=\"256px\" height=\"256px\" viewBox=\"0 0 24 24\" fill=\"none\"><g id=\"SVGRepo_bgCarrier\" stroke-width=\"0\"><\/g><g id=\"SVGRepo_tracerCarrier\" stroke-linecap=\"round\" stroke-linejoin=\"round\"><\/g><g id=\"SVGRepo_iconCarrier\"><path d=\"M5 9.77746V16.2C5 17.8802 5 18.7203 5.32698 19.362C5.6146 19.9265 6.07354 20.3854 6.63803 20.673C7.27976 21 8.11984 21 9.8 21H14.2C15.8802 21 16.7202 21 17.362 20.673C17.9265 20.3854 18.3854 19.9265 18.673 19.362C19 18.7203 19 17.8802 19 16.2V5.00002M21 12L15.5668 5.96399C14.3311 4.59122 13.7133 3.90484 12.9856 3.65144C12.3466 3.42888 11.651 3.42893 11.0119 3.65159C10.2843 3.90509 9.66661 4.59157 8.43114 5.96452L3 12M14 21V15H10V21\" stroke=\"#ffffff\" stroke-width=\"2\" stroke-linecap=\"round\" stroke-linejoin=\"round\"><\/path><\/g><\/svg>\t\t\t\t\t\t<\/span>\n\t\t\t\t\t\t\t\t\t\t<span class=\"elementor-icon-list-text\">In\u00edcio<\/span>\n\t\t\t\t\t\t\t\t\t\t\t<\/a>\n\t\t\t\t\t\t\t\t\t<\/li>\n\t\t\t\t\t\t\t\t<li class=\"elementor-icon-list-item\">\n\t\t\t\t\t\t\t\t\t\t\t<a href=\"https:\/\/djmusicpro.com\/minha-conta\/\">\n\n\t\t\t\t\t\t\t\t\t\t\t\t<span class=\"elementor-icon-list-icon\">\n\t\t\t\t\t\t\t<svg xmlns=\"http:\/\/www.w3.org\/2000\/svg\" width=\"256px\" height=\"256px\" viewBox=\"0 0 24.00 24.00\" fill=\"none\"><g id=\"SVGRepo_bgCarrier\" stroke-width=\"0\"><\/g><g id=\"SVGRepo_tracerCarrier\" stroke-linecap=\"round\" stroke-linejoin=\"round\"><\/g><g id=\"SVGRepo_iconCarrier\"><circle cx=\"12\" cy=\"6\" r=\"4\" stroke=\"#ffffff\" stroke-width=\"2.4\"><\/circle><path d=\"M20 17.5C20 19.9853 20 22 12 22C4 22 4 19.9853 4 17.5C4 15.0147 7.58172 13 12 13C16.4183 13 20 15.0147 20 17.5Z\" stroke=\"#ffffff\" stroke-width=\"2.4\"><\/path><\/g><\/svg>\t\t\t\t\t\t<\/span>\n\t\t\t\t\t\t\t\t\t\t<span class=\"elementor-icon-list-text\">Minha Conta<\/span>\n\t\t\t\t\t\t\t\t\t\t\t<\/a>\n\t\t\t\t\t\t\t\t\t<\/li>\n\t\t\t\t\t\t\t\t<li class=\"elementor-icon-list-item\">\n\t\t\t\t\t\t\t\t\t\t\t<a href=\"https:\/\/djmusicpro.com\/meus-cursos\/members-area\/\">\n\n\t\t\t\t\t\t\t\t\t\t\t\t<span class=\"elementor-icon-list-icon\">\n\t\t\t\t\t\t\t<svg xmlns=\"http:\/\/www.w3.org\/2000\/svg\" width=\"256px\" height=\"256px\" viewBox=\"0 0 24 24\" fill=\"none\" stroke=\"#ffffff\"><g id=\"SVGRepo_bgCarrier\" stroke-width=\"0\"><\/g><g id=\"SVGRepo_tracerCarrier\" stroke-linecap=\"round\" stroke-linejoin=\"round\"><\/g><g id=\"SVGRepo_iconCarrier\"><path d=\"M7.54004 11.77L12 14L19 10.5M7.54004 11.77V17.77M7.54004 11.77L12 9.54004M7.54004 11.77L5 10.5M7.54004 17.77V21M7.54004 17.77L12 20L19 16.5V10.5M7.54004 17.77L5 16.5V10.5M19 10.5L22 9L12 4L2 9L5 10.5\" stroke=\"#ffffff\" stroke-width=\"2\" stroke-linecap=\"round\" stroke-linejoin=\"round\"><\/path><\/g><\/svg>\t\t\t\t\t\t<\/span>\n\t\t\t\t\t\t\t\t\t\t<span class=\"elementor-icon-list-text\">Meus Cursos<\/span>\n\t\t\t\t\t\t\t\t\t\t\t<\/a>\n\t\t\t\t\t\t\t\t\t<\/li>\n\t\t\t\t\t\t\t\t<li class=\"elementor-icon-list-item\">\n\t\t\t\t\t\t\t\t\t\t\t<a href=\"https:\/\/djmusicpro.com\/suporte\/\">\n\n\t\t\t\t\t\t\t\t\t\t\t\t<span class=\"elementor-icon-list-icon\">\n\t\t\t\t\t\t\t<svg xmlns=\"http:\/\/www.w3.org\/2000\/svg\" width=\"256px\" height=\"256px\" viewBox=\"0 0 24 24\" fill=\"none\"><g id=\"SVGRepo_bgCarrier\" stroke-width=\"0\"><\/g><g id=\"SVGRepo_tracerCarrier\" stroke-linecap=\"round\" stroke-linejoin=\"round\"><\/g><g id=\"SVGRepo_iconCarrier\"><path d=\"M3 13V14.8C3 15.9201 3 16.4802 3.21799 16.908C3.40973 17.2843 3.71569 17.5903 4.09202 17.782C4.51984 18 5.0799 18 6.2 18H16.2446C16.5263 18 16.6672 18 16.8052 18.0193C16.9277 18.0365 17.0484 18.065 17.1656 18.1044C17.2977 18.1488 17.4237 18.2118 17.6757 18.3378L21 20V7.2C21 6.0799 21 5.51984 20.782 5.09202C20.5903 4.71569 20.2843 4.40973 19.908 4.21799C19.4802 4 18.9201 4 17.8 4H13M8.12132 3.87868C9.29289 5.05025 9.29289 6.94975 8.12132 8.12132C6.94975 9.29289 5.05025 9.29289 3.87868 8.12132C2.70711 6.94975 2.70711 5.05025 3.87868 3.87868C5.05025 2.70711 6.94975 2.70711 8.12132 3.87868Z\" stroke=\"#ffffff\" stroke-width=\"2\" stroke-linecap=\"round\" stroke-linejoin=\"round\"><\/path><\/g><\/svg>\t\t\t\t\t\t<\/span>\n\t\t\t\t\t\t\t\t\t\t<span class=\"elementor-icon-list-text\">Suporte<\/span>\n\t\t\t\t\t\t\t\t\t\t\t<\/a>\n\t\t\t\t\t\t\t\t\t<\/li>\n\t\t\t\t\t\t\t\t<li class=\"elementor-icon-list-item\">\n\t\t\t\t\t\t\t\t\t\t\t<a href=\"https:\/\/djmusicpro.com\/configuracoes_\/edit-account\/\">\n\n\t\t\t\t\t\t\t\t\t\t\t\t<span class=\"elementor-icon-list-icon\">\n\t\t\t\t\t\t\t<svg xmlns=\"http:\/\/www.w3.org\/2000\/svg\" width=\"256px\" height=\"256px\" viewBox=\"0 0 24 24\" fill=\"none\"><g id=\"SVGRepo_bgCarrier\" stroke-width=\"0\"><\/g><g id=\"SVGRepo_tracerCarrier\" stroke-linecap=\"round\" stroke-linejoin=\"round\"><\/g><g id=\"SVGRepo_iconCarrier\"><circle r=\"2\" transform=\"matrix(-1 0 0 1 12 12)\" stroke=\"#ffffff\" stroke-width=\"2\" stroke-linecap=\"round\" stroke-linejoin=\"round\"><\/circle><path d=\"M20 10C21.1046 10 22 10.8954 22 12C22 13.1046 21.1046 14 20 14\" stroke=\"#ffffff\" stroke-width=\"2\" stroke-linecap=\"round\" stroke-linejoin=\"round\"><\/path><path d=\"M4 10C2.89543 10 2 10.8954 2 12C2 13.1046 2.89543 14 4 14\" stroke=\"#ffffff\" stroke-width=\"2\" stroke-linecap=\"round\" stroke-linejoin=\"round\"><\/path><path d=\"M17.732 17.9282C18.2843 18.8848 17.9566 20.108 17 20.6603C16.0434 21.2126 14.8202 20.8848 14.2679 19.9282\" stroke=\"#ffffff\" stroke-width=\"2\" stroke-linecap=\"round\" stroke-linejoin=\"round\"><\/path><path d=\"M9.73205 4.07178C9.17976 3.11519 7.95658 2.78744 6.99999 3.33973C6.04341 3.89201 5.71566 5.11519 6.26794 6.07178\" stroke=\"#ffffff\" stroke-width=\"2\" stroke-linecap=\"round\" stroke-linejoin=\"round\"><\/path><path d=\"M20 13.9999C19 13.9999 17.7484 14.0434 17.1962 15C16.6439 15.9566 17 16.5 17.5 17.5\" stroke=\"#ffffff\" stroke-width=\"2\" stroke-linecap=\"round\" stroke-linejoin=\"round\"><\/path><path d=\"M6.50002 6.5C7.00002 7.5 7.35615 8.04343 6.80386 9.00002C6.25158 9.9566 5.00001 10 4.00001 10\" stroke=\"#ffffff\" stroke-width=\"2\" stroke-linecap=\"round\" stroke-linejoin=\"round\"><\/path><path d=\"M14.2679 4.07177C14.8202 3.11519 16.0434 2.78744 17 3.33972C17.9566 3.89201 18.2843 5.11519 17.732 6.07177\" stroke=\"#ffffff\" stroke-width=\"2\" stroke-linecap=\"round\" stroke-linejoin=\"round\"><\/path><path d=\"M6.26792 17.9282C5.71564 18.8848 6.04339 20.108 6.99997 20.6603C7.95656 21.2126 9.17974 20.8848 9.73203 19.9282\" stroke=\"#ffffff\" stroke-width=\"2\" stroke-linecap=\"round\" stroke-linejoin=\"round\"><\/path><path d=\"M17.732 6.07185C17.232 6.93787 16.6439 8.0435 17.1962 9.00009C17.7485 9.95667 18.3971 9.91994 19.5131 9.98694\" stroke=\"#ffffff\" stroke-width=\"2\" stroke-linecap=\"round\" stroke-linejoin=\"round\"><\/path><path d=\"M4.48686 14.0131C5.60289 14.0801 6.25158 14.0434 6.80387 15C7.35615 15.9566 6.76796 17.0622 6.26796 17.9282\" stroke=\"#ffffff\" stroke-width=\"2\" stroke-linecap=\"round\" stroke-linejoin=\"round\"><\/path><path d=\"M9.73201 4.07179C10.232 4.93781 10.8955 5.99995 12 5.99995C13.1046 5.99995 13.3971 5.41985 14.0132 4.48682\" stroke=\"#ffffff\" stroke-width=\"2\" stroke-linecap=\"round\" stroke-linejoin=\"round\"><\/path><path d=\"M9.98688 19.5131C10.6029 18.5801 10.8955 18 12 18C13.1046 18 13.768 19.0622 14.268 19.9282\" stroke=\"#ffffff\" stroke-width=\"2\" stroke-linecap=\"round\" stroke-linejoin=\"round\"><\/path><\/g><\/svg>\t\t\t\t\t\t<\/span>\n\t\t\t\t\t\t\t\t\t\t<span class=\"elementor-icon-list-text\">Configura\u00e7\u00f5es<\/span>\n\t\t\t\t\t\t\t\t\t\t\t<\/a>\n\t\t\t\t\t\t\t\t\t<\/li>\n\t\t\t\t\t\t<\/ul>\n\t\t\t\t\t\t<\/div>\n\t\t\t\t<\/div>\n\t\t\t\t\t<\/div>\n\t\t\t\t<\/div>\n\t\t\t\t<\/div>\n\t\t\t\t<\/div>\n\t\t<div class=\"elementor-element elementor-element-64ea44ac e-con-full e-flex e-con e-child\" data-id=\"64ea44ac\" data-element_type=\"container\" data-e-type=\"container\" data-settings=\"{&quot;background_background&quot;:&quot;classic&quot;}\">\n\t\t\t\t<div class=\"elementor-element elementor-element-130033ac elementor-layout-start e-tabs-view-vertical elementor-widget elementor-widget-video-playlist\" data-id=\"130033ac\" data-element_type=\"widget\" data-e-type=\"widget\" data-settings=\"{&quot;playlist_title&quot;:&quot;Playlist&quot;,&quot;tabs&quot;:[{&quot;title&quot;:&quot;Aula 01 - Definindo Metas Realistas para a chegar ao topo&quot;,&quot;youtube_url&quot;:&quot;https:\\\/\\\/djmusicpro.com\\\/&quot;,&quot;thumbnail&quot;:{&quot;url&quot;:&quot;https:\\\/\\\/djmusicpro.com\\\/wp-content\\\/uploads\\\/2023\\\/12\\\/THUMB-CURSO-1.webp&quot;,&quot;id&quot;:2217,&quot;size&quot;:&quot;&quot;,&quot;alt&quot;:&quot;&quot;,&quot;source&quot;:&quot;library&quot;},&quot;_id&quot;:&quot;4839ef7&quot;,&quot;vimeo_url&quot;:null,&quot;inner_tab_is_content_visible&quot;:&quot;show&quot;,&quot;duration&quot;:&quot;15:21&quot;,&quot;inner_tab_content_1&quot;:&quot;&lt;h5&gt;&lt;strong&gt;INTRODU\\u00c7\\u00c3O&lt;\\\/strong&gt;&lt;\\\/h5&gt;&lt;p&gt;Nesta aula, voc\\u00ea come\\u00e7ar\\u00e1 sua jornada de transforma\\u00e7\\u00e3o. Aprender\\u00e1 os princ\\u00edpios fundamentais do programa, definir\\u00e1 seus objetivos e se preparar\\u00e1 para o crescimento do seu neg\\u00f3cio.&lt;\\\/p&gt;&quot;,&quot;is_external_url&quot;:null,&quot;external_url&quot;:null,&quot;type&quot;:&quot;youtube&quot;,&quot;hosted_url&quot;:null,&quot;section_html_tag&quot;:null,&quot;video_html_tag&quot;:&quot;h4&quot;,&quot;inner_tab_content_2&quot;:&quot;&quot;},{&quot;title&quot;:&quot;Aula 02 - Nutri\\u00e7\\u00e3o Inteligente de leads&quot;,&quot;youtube_url&quot;:&quot;https:\\\/\\\/djmusicpro.com\\\/&quot;,&quot;thumbnail&quot;:{&quot;url&quot;:&quot;https:\\\/\\\/djmusicpro.com\\\/wp-content\\\/uploads\\\/2023\\\/12\\\/THUMB-CURSO-1.webp&quot;,&quot;id&quot;:2217,&quot;size&quot;:&quot;&quot;,&quot;alt&quot;:&quot;&quot;,&quot;source&quot;:&quot;library&quot;},&quot;vimeo_url&quot;:null,&quot;inner_tab_is_content_visible&quot;:&quot;show&quot;,&quot;duration&quot;:&quot;15:21&quot;,&quot;inner_tab_content_1&quot;:&quot;&lt;h5&gt;&lt;strong&gt;AULA 02&lt;\\\/strong&gt;&lt;\\\/h5&gt;&lt;p&gt;Nesta aula, voc\\u00ea come\\u00e7ar\\u00e1 sua jornada de transforma\\u00e7\\u00e3o. Aprender\\u00e1 os princ\\u00edpios fundamentais do programa, definir\\u00e1 seus objetivos e se preparar\\u00e1 para o crescimento do seu neg\\u00f3cio.&lt;\\\/p&gt;&quot;,&quot;is_external_url&quot;:null,&quot;external_url&quot;:null,&quot;_id&quot;:&quot;465f951&quot;,&quot;type&quot;:&quot;youtube&quot;,&quot;hosted_url&quot;:null,&quot;section_html_tag&quot;:null,&quot;video_html_tag&quot;:&quot;h4&quot;,&quot;inner_tab_content_2&quot;:&quot;&quot;}],&quot;autoplay_next&quot;:&quot;yes&quot;}\" data-widget_type=\"video-playlist.default\">\n\t\t\t\t<div class=\"elementor-widget-container\">\n\t\t\t\t\t\n\t\t<div class=\"e-tabs\" role=\"region\" aria-labelledby=\"e-playlist-130033ac\">\n\t\t\t<div class=\"e-tabs-main-area\">\n\t\t\t\t<div class=\"e-tabs-wrapper\">\n\t\t\t\t\t<div class=\"e-tabs-header\">\n\t\t\t\t\t\t<h2 class=\"e-tabs-title\" id=\"e-playlist-130033ac\">Playlist<\/h2>\n\t\t\t\t\t\t<div class=\"e-tabs-header-right-side\">\n\t\t\t\t\t\t\t\t\t\t\t\t\t\t\t<span class=\"e-tabs-videos-count\">2 V\u00eddeos<\/span>\n\t\t\t\t\t\t\t\t\t\t\t\t\t\t<i aria-hidden=\"true\" class=\"e-tabs-toggle-videos-display-button rotate-down eicon-caret-down\"><\/i>\t\t\t\t\t\t<\/div>\n\t\t\t\t\t<\/div>\n\t\t\t\t\t<div class=\"e-tabs-items-wrapper\">\n\t\t\t\t\t\t<div class=\"e-tabs-items\" role=\"tablist\">\n\t\t\t\t\t\t\t\t\t\t\t\t\t\t\t\t\t\t\t\t\t\t\t\t<div id=\"e-tab-title-3181\" class=\"e-tab-title e-tab-desktop-title\" aria-selected=\"true\" data-tab=\"1\" role=\"tab\" tabindex=\"0\" aria-controls=\"e-tab-content-3181\">\n\t\t\t\t\t\t\t\t\t\t\t\t\t\t\t\t\t\t\t\t\t<div class=\"e-tab-thumbnail\">\n\t\t\t\t\t\t\t\t\t\t\t\t\t\t\t\t\t\t\t\t\t\t\t\t\t<img decoding=\"async\" src=\"https:\/\/djmusicpro.com\/wp-content\/uploads\/2023\/12\/THUMB-CURSO-1.webp\" alt=\"Aula 01 - Definindo Metas Realistas para a chegar ao topo\" loading=\"lazy\" \/>\n\t\t\t\t\t\t\t\t\t\t\t\t\t\t\t\t\t\t\t\t\t\t\t\t<span class=\"icon-play\"><i aria-hidden=\"true\" class=\"fas fa-play-circle\"><\/i><\/span>\n\t\t\t\t\t\t\t\t\t\t\t\t<span class=\"icon-watched\"><i aria-hidden=\"true\" class=\"fas fa-check-circle\"><\/i><\/span>\n\t\t\t\t\t\t\t\t\t\t\t<\/div>\n\t\t\t\t\t\t\t\t\t\t\t\t\t\t\t\t\t\t\t\t<h4 class=\"e-tab-title-text\">\n\t\t\t\t\t\t\t\t\t\t\t<button type=\"button\">Aula 01 - Definindo Metas Realistas para a chegar ao topo<\/button>\n\t\t\t\t\t\t\t\t\t\t<\/h4>\n\t\t\t\t\t\t\t\t\t\t\t\t\t\t\t\t\t\t\t<\/div>\n\t\t\t\t\t\t\t\t\t\t\t\t\t\t\t\t\t\t\t\t\t\t\t\t\t\t\t\t\t\t\t\t<div id=\"e-tab-title-3182\" class=\"e-tab-title e-tab-desktop-title\" aria-selected=\"false\" data-tab=\"2\" role=\"tab\" tabindex=\"-1\" aria-controls=\"e-tab-content-3182\">\n\t\t\t\t\t\t\t\t\t\t\t\t\t\t\t\t\t\t\t\t\t<div class=\"e-tab-thumbnail\">\n\t\t\t\t\t\t\t\t\t\t\t\t\t\t\t\t\t\t\t\t\t\t\t\t\t<img decoding=\"async\" src=\"https:\/\/djmusicpro.com\/wp-content\/uploads\/2023\/12\/THUMB-CURSO-1.webp\" alt=\"Aula 02 - Nutri\u00e7\u00e3o Inteligente de leads\" loading=\"lazy\" \/>\n\t\t\t\t\t\t\t\t\t\t\t\t\t\t\t\t\t\t\t\t\t\t\t\t<span class=\"icon-play\"><i aria-hidden=\"true\" class=\"fas fa-play-circle\"><\/i><\/span>\n\t\t\t\t\t\t\t\t\t\t\t\t<span class=\"icon-watched\"><i aria-hidden=\"true\" class=\"fas fa-check-circle\"><\/i><\/span>\n\t\t\t\t\t\t\t\t\t\t\t<\/div>\n\t\t\t\t\t\t\t\t\t\t\t\t\t\t\t\t\t\t\t\t<h4 class=\"e-tab-title-text\">\n\t\t\t\t\t\t\t\t\t\t\t<button type=\"button\">Aula 02 - Nutri\u00e7\u00e3o Inteligente de leads<\/button>\n\t\t\t\t\t\t\t\t\t\t<\/h4>\n\t\t\t\t\t\t\t\t\t\t\t\t\t\t\t\t\t\t\t<\/div>\n\t\t\t\t\t\t\t\t\t\t\t\t\t\t\t\t\t\t\t\t\t<\/div>\n\t\t\t\t\t\t<div class=\"shadow shadow-top\" aria-hidden=\"true\"><\/div>\n\t\t\t\t\t\t<div class=\"shadow shadow-bottom\" aria-hidden=\"true\"><\/div>\n\t\t\t\t\t<\/div>\n\t\t\t\t<\/div>\n\n\t\t\t\t<div class=\"e-tabs-content-wrapper\" role=\"tablist\" aria-orientation=\"vertical\">\n\t\t\t\t\t\t\t\t\t\t\t<div id=\"e-tab-content-3181\" class=\"e-tab-content elementor-clearfix\" data-tab=\"1\" role=\"tabpanel\" aria-labelledby=\"e-tab-title-3181\" tabindex=\"0\" data-video-url=\"https:\/\/djmusicpro.com\/\" data-video-type=\"youtube\" data-video-title=\"Aula 01 - Definindo Metas Realistas para a chegar ao topo\" data-video-duration=\"15:21\">\n\t\t\t\t\t\t\t<div><\/div>\n\t\t\t\t\t\t\t\t\t\t\t\t\t\t\t<div class=\"elementor-custom-embed-image-overlay elementor-clickable\" style=\"background-image: url('https:\/\/djmusicpro.com\/wp-content\/uploads\/2023\/12\/THUMB-CURSO-1.webp');\">\n\t\t\t\t\t\t\t\t\t\t\t\t\t\t\t\t\t<\/div>\n\t\t\t\t\t\t\t\t\t\t\t\t\t<\/div>\n\t\t\t\t\t\t\t\t\t\t\t<div id=\"e-tab-content-3182\" class=\"e-tab-content elementor-clearfix\" data-tab=\"2\" role=\"tabpanel\" aria-labelledby=\"e-tab-title-3182\" tabindex=\"0\" data-video-url=\"https:\/\/djmusicpro.com\/\" data-video-type=\"youtube\" data-video-title=\"Aula 02 - Nutri\u00e7\u00e3o Inteligente de leads\" data-video-duration=\"15:21\" hidden=\"hidden\">\n\t\t\t\t\t\t\t<div><\/div>\n\t\t\t\t\t\t\t\t\t\t\t\t\t<\/div>\n\t\t\t\t\t\t\t\t\t<\/div>\n\t\t\t<\/div>\n\n\t\t\t<div class=\"e-tabs-inner-tabs\" >\n\t\t\t\t\t\t\t\t\t\t\t\t\t\t\t<div id=\"e-tab-content-3181\" class=\"e-tab-content elementor-clearfix\" data-tab=\"1\" role=\"tabpanel\" aria-labelledby=\"e-tab-title-3181\" tabindex=\"0\" data-video-url=\"https:\/\/djmusicpro.com\/\" data-video-type=\"youtube\" data-video-title=\"Aula 01 - Definindo Metas Realistas para a chegar ao topo\" data-video-duration=\"15:21\">\n\t\t\t\t\t\t\t\t\t\t\t\t\t\t\t<div class=\"e-inner-tabs-wrapper\">\n\t\t\t\t\t\t\t\t\t\t\t\t\t\t\t\t\t\t\t\t<div class=\"e-inner-tab-title e-inner-tab-active\">\n\t\t\t\t\t\t\t\t\t\t\t\t<a class=\"e-inner-tab-title-text\" tabindex=\"0\"><\/a>\n\t\t\t\t\t\t\t\t\t\t\t<\/div>\n\t\t\t\t\t\t\t\t\t\t\t\t\t\t\t\t\t\t\t\t\t\t\t\t\t\t\t\t\t\t\t\t\t\t\t\t<\/div>\n\t\t\t\t\t\t\t\t<div class=\"e-inner-tabs-content-wrapper\">\n\t\t\t\t\t\t\t\t\t\t\t\t\t\t\t\t\t\t\t\t<div class=\"e-inner-tab-title e-tab-mobile-title e-inner-tab-active\">\n\t\t\t\t\t\t\t\t\t\t\t\t\t\t\t\t\t\t\t\t\t\t\t\t\t\t\t\t\t\t\t\t\t\t\t<\/div>\n\t\t\t\t\t\t\t\t\t\t\t<div  class=\"e-inner-tab-content e-inner-tab-active \">\n\t\t\t\t\t\t\t\t\t\t\t\t<div class=\"e-inner-tab-text\">\n\t\t\t\t\t\t\t\t\t\t\t\t\t\t\t\t\t\t\t\t\t\t\t\t\t\t<div >\n\t\t\t\t\t\t\t\t\t\t\t\t\t\t\t\t\t\t\t\t\t\t\t\t\t\t\t\t<h5><strong>INTRODU\u00c7\u00c3O<\/strong><\/h5><p>Nesta aula, voc\u00ea come\u00e7ar\u00e1 sua jornada de transforma\u00e7\u00e3o. Aprender\u00e1 os princ\u00edpios fundamentais do programa, definir\u00e1 seus objetivos e se preparar\u00e1 para o crescimento do seu neg\u00f3cio.<\/p>\t\t\t\t\t\t\t\t\t\t\t\t\t<\/div>\n\t\t\t\t\t\t\t\t\t\t\t\t<\/div>\n\t\t\t\t\t\t\t\t\t\t\t\t<div class=\"e-inner-tab-buttons\">\n\t\t\t\t\t\t\t\t\t\t\t\t\t\t\t\t\t\t\t\t\t\t\t\t\t\t<button class=\"show-button\"><\/button>\n\t\t\t\t\t\t\t\t\t\t\t\t\t<button><\/button>\n\t\t\t\t\t\t\t\t\t\t\t\t<\/div>\n\t\t\t\t\t\t\t\t\t\t\t<\/div>\n\t\t\t\t\t\t\t\t\t\t\t\t\t\t\t\t\t\t\t\t\t\t\t\t\t\t\t\t\t\t\t\t\t\t\t\t<\/div>\n\t\t\t\t\t\t\t\t\t\t\t\t\t<\/div>\n\t\t\t\t\t\t\t\t\t\t\t\t\t\t\t\t\t\t\t\t<div id=\"e-tab-content-3182\" class=\"e-tab-content elementor-clearfix\" data-tab=\"2\" role=\"tabpanel\" aria-labelledby=\"e-tab-title-3182\" tabindex=\"0\" data-video-url=\"https:\/\/djmusicpro.com\/\" data-video-type=\"youtube\" data-video-title=\"Aula 02 - Nutri\u00e7\u00e3o Inteligente de leads\" data-video-duration=\"15:21\" hidden=\"hidden\">\n\t\t\t\t\t\t\t\t\t\t\t\t\t\t\t<div class=\"e-inner-tabs-wrapper\">\n\t\t\t\t\t\t\t\t\t\t\t\t\t\t\t\t\t\t\t\t<div class=\"e-inner-tab-title e-inner-tab-active\">\n\t\t\t\t\t\t\t\t\t\t\t\t<a class=\"e-inner-tab-title-text\" tabindex=\"0\"><\/a>\n\t\t\t\t\t\t\t\t\t\t\t<\/div>\n\t\t\t\t\t\t\t\t\t\t\t\t\t\t\t\t\t\t\t\t\t\t\t\t\t\t\t\t\t\t\t\t\t\t\t\t<\/div>\n\t\t\t\t\t\t\t\t<div class=\"e-inner-tabs-content-wrapper\">\n\t\t\t\t\t\t\t\t\t\t\t\t\t\t\t\t\t\t\t\t<div class=\"e-inner-tab-title e-tab-mobile-title e-inner-tab-active\">\n\t\t\t\t\t\t\t\t\t\t\t\t\t\t\t\t\t\t\t\t\t\t\t\t\t\t\t\t\t\t\t\t\t\t\t<\/div>\n\t\t\t\t\t\t\t\t\t\t\t<div  class=\"e-inner-tab-content e-inner-tab-active \">\n\t\t\t\t\t\t\t\t\t\t\t\t<div class=\"e-inner-tab-text\">\n\t\t\t\t\t\t\t\t\t\t\t\t\t\t\t\t\t\t\t\t\t\t\t\t\t\t<div >\n\t\t\t\t\t\t\t\t\t\t\t\t\t\t\t\t\t\t\t\t\t\t\t\t\t\t\t\t<h5><strong>AULA 02<\/strong><\/h5><p>Nesta aula, voc\u00ea come\u00e7ar\u00e1 sua jornada de transforma\u00e7\u00e3o. Aprender\u00e1 os princ\u00edpios fundamentais do programa, definir\u00e1 seus objetivos e se preparar\u00e1 para o crescimento do seu neg\u00f3cio.<\/p>\t\t\t\t\t\t\t\t\t\t\t\t\t<\/div>\n\t\t\t\t\t\t\t\t\t\t\t\t<\/div>\n\t\t\t\t\t\t\t\t\t\t\t\t<div class=\"e-inner-tab-buttons\">\n\t\t\t\t\t\t\t\t\t\t\t\t\t\t\t\t\t\t\t\t\t\t\t\t\t\t<button class=\"show-button\"><\/button>\n\t\t\t\t\t\t\t\t\t\t\t\t\t<button><\/button>\n\t\t\t\t\t\t\t\t\t\t\t\t<\/div>\n\t\t\t\t\t\t\t\t\t\t\t<\/div>\n\t\t\t\t\t\t\t\t\t\t\t\t\t\t\t\t\t\t\t\t\t\t\t\t\t\t\t\t\t\t\t\t\t\t\t\t<\/div>\n\t\t\t\t\t\t\t\t\t\t\t\t\t<\/div>\n\t\t\t\t\t\t\t\t\t\t\t\t<\/div>\n\t\t<\/div>\n\t\t\t\t\t\t<\/div>\n\t\t\t\t<\/div>\n\t\t<div class=\"elementor-element elementor-element-30a9e9f2 e-con-full e-flex e-con e-child\" data-id=\"30a9e9f2\" data-element_type=\"container\" data-e-type=\"container\">\n\t\t<div class=\"elementor-element elementor-element-4d55a33a elementor-hidden-desktop elementor-hidden-tablet e-flex e-con-boxed e-con e-child\" data-id=\"4d55a33a\" data-element_type=\"container\" data-e-type=\"container\">\n\t\t\t\t\t<div class=\"e-con-inner\">\n\t\t\t\t<div class=\"elementor-element elementor-element-10703550 elementor-widget__width-auto elementor-widget elementor-widget-button\" data-id=\"10703550\" data-element_type=\"widget\" data-e-type=\"widget\" data-widget_type=\"button.default\">\n\t\t\t\t<div class=\"elementor-widget-container\">\n\t\t\t\t\t\t\t\t\t<div class=\"elementor-button-wrapper\">\n\t\t\t\t\t<a class=\"elementor-button elementor-button-link elementor-size-sm\" href=\"#\">\n\t\t\t\t\t\t<span class=\"elementor-button-content-wrapper\">\n\t\t\t\t\t\t<span class=\"elementor-button-icon\">\n\t\t\t\t<i aria-hidden=\"true\" class=\"fas fa-chevron-right\"><\/i>\t\t\t<\/span>\n\t\t\t\t\t\t\t\t\t<span class=\"elementor-button-text\">Pr\u00f3ximo M\u00f3dulo<\/span>\n\t\t\t\t\t<\/span>\n\t\t\t\t\t<\/a>\n\t\t\t\t<\/div>\n\t\t\t\t\t\t\t\t<\/div>\n\t\t\t\t<\/div>\n\t\t\t\t\t<\/div>\n\t\t\t\t<\/div>\n\t\t<div class=\"elementor-element elementor-element-8f57422 e-con-full e-flex e-con e-child\" data-id=\"8f57422\" data-element_type=\"container\" data-e-type=\"container\">\n\t\t\t\t<div class=\"elementor-element elementor-element-5e09664d elementor-widget elementor-widget-heading\" data-id=\"5e09664d\" data-element_type=\"widget\" data-e-type=\"widget\" data-widget_type=\"heading.default\">\n\t\t\t\t<div class=\"elementor-widget-container\">\n\t\t\t\t\t<h2 class=\"elementor-heading-title elementor-size-default\">Tire suas D\u00favidas<\/h2>\t\t\t\t<\/div>\n\t\t\t\t<\/div>\n\t\t\t\t<\/div>\n\t\t<div class=\"elementor-element elementor-element-33b5b5d4 elementor-hidden-mobile e-flex e-con-boxed e-con e-child\" data-id=\"33b5b5d4\" data-element_type=\"container\" data-e-type=\"container\">\n\t\t\t\t\t<div class=\"e-con-inner\">\n\t\t<div class=\"elementor-element elementor-element-65c69df8 elementor-hidden-mobile e-flex e-con-boxed e-con e-child\" data-id=\"65c69df8\" data-element_type=\"container\" data-e-type=\"container\">\n\t\t\t\t\t<div class=\"e-con-inner\">\n\t\t\t\t<div class=\"elementor-element elementor-element-1bc79f45 elementor-widget__width-auto elementor-widget elementor-widget-button\" data-id=\"1bc79f45\" data-element_type=\"widget\" data-e-type=\"widget\" data-widget_type=\"button.default\">\n\t\t\t\t<div class=\"elementor-widget-container\">\n\t\t\t\t\t\t\t\t\t<div class=\"elementor-button-wrapper\">\n\t\t\t\t\t<a class=\"elementor-button elementor-button-link elementor-size-sm\" href=\"#\">\n\t\t\t\t\t\t<span class=\"elementor-button-content-wrapper\">\n\t\t\t\t\t\t<span class=\"elementor-button-icon\">\n\t\t\t\t<i aria-hidden=\"true\" class=\"fas fa-chevron-right\"><\/i>\t\t\t<\/span>\n\t\t\t\t\t\t\t\t\t<span class=\"elementor-button-text\">Pr\u00f3ximo M\u00f3dulo<\/span>\n\t\t\t\t\t<\/span>\n\t\t\t\t\t<\/a>\n\t\t\t\t<\/div>\n\t\t\t\t\t\t\t\t<\/div>\n\t\t\t\t<\/div>\n\t\t\t\t\t<\/div>\n\t\t\t\t<\/div>\n\t\t\t\t\t<\/div>\n\t\t\t\t<\/div>\n\t\t\t\t<\/div>\n\t\t\t\t<\/div>\n\t\t\t\t<\/div>\n\t\t\t\t<\/div>\n\t\t","protected":false},"excerpt":{"rendered":"<p>In\u00edcio Minha Conta Meus Cursos Suporte Configura\u00e7\u00f5es Playlist 2 Videos Aula 01 &#8211; Definindo Metas Realistas para a chegar ao topo Aula 02 &#8211; Nutri\u00e7\u00e3o Inteligente de leads INTRODU\u00c7\u00c3O Nesta aula, voc\u00ea come\u00e7ar\u00e1 sua jornada de transforma\u00e7\u00e3o. Aprender\u00e1 os princ\u00edpios fundamentais do programa, definir\u00e1 seus objetivos e se preparar\u00e1 para o crescimento do seu neg\u00f3cio. [&hellip;]<\/p>\n","protected":false},"author":11,"featured_media":0,"parent":0,"menu_order":0,"comment_status":"open","ping_status":"closed","template":"elementor_header_footer","meta":{"_mo_disable_npp":"","_joinchat":[],"footnotes":""},"class_list":["post-1519","page","type-page","status-publish","hentry"],"_links":{"self":[{"href":"https:\/\/djmusicpro.com\/pt_br\/wp-json\/wp\/v2\/pages\/1519","targetHints":{"allow":["GET"]}}],"collection":[{"href":"https:\/\/djmusicpro.com\/pt_br\/wp-json\/wp\/v2\/pages"}],"about":[{"href":"https:\/\/djmusicpro.com\/pt_br\/wp-json\/wp\/v2\/types\/page"}],"author":[{"embeddable":true,"href":"https:\/\/djmusicpro.com\/pt_br\/wp-json\/wp\/v2\/users\/11"}],"replies":[{"embeddable":true,"href":"https:\/\/djmusicpro.com\/pt_br\/wp-json\/wp\/v2\/comments?post=1519"}],"version-history":[{"count":0,"href":"https:\/\/djmusicpro.com\/pt_br\/wp-json\/wp\/v2\/pages\/1519\/revisions"}],"wp:attachment":[{"href":"https:\/\/djmusicpro.com\/pt_br\/wp-json\/wp\/v2\/media?parent=1519"}],"curies":[{"name":"wp","href":"https:\/\/api.w.org\/{rel}","templated":true}]}}