{"id":7305,"date":"2025-05-29T17:19:43","date_gmt":"2025-05-29T20:19:43","guid":{"rendered":"https:\/\/djmusicpro.com\/?page_id=7305"},"modified":"2026-01-21T20:39:45","modified_gmt":"2026-01-21T23:39:45","slug":"programa-afiliados","status":"publish","type":"page","link":"https:\/\/djmusicpro.com\/en\/programa-afiliados\/","title":{"rendered":"Programa de Afiliados"},"content":{"rendered":"<div data-elementor-type=\"wp-page\" data-elementor-id=\"7305\" class=\"elementor elementor-7305\" data-elementor-post-type=\"page\">\n\t\t\t\t\t\t<section class=\"elementor-section elementor-top-section elementor-element elementor-element-5919d2f7 elementor-section-boxed elementor-section-height-default elementor-section-height-default\" data-id=\"5919d2f7\" data-element_type=\"section\" data-e-type=\"section\" data-settings=\"{&quot;background_background&quot;:&quot;gradient&quot;}\">\n\t\t\t\t\t\t\t<div class=\"elementor-background-overlay\"><\/div>\n\t\t\t\t\t\t\t<div class=\"elementor-container elementor-column-gap-default\">\n\t\t\t\t\t<div class=\"elementor-column elementor-col-50 elementor-top-column elementor-element elementor-element-34b57dfc\" data-id=\"34b57dfc\" data-element_type=\"column\" data-e-type=\"column\">\n\t\t\t<div class=\"elementor-widget-wrap elementor-element-populated\">\n\t\t\t\t\t\t<div class=\"elementor-element elementor-element-098b618 elementor-widget elementor-widget-image\" data-id=\"098b618\" data-element_type=\"widget\" data-e-type=\"widget\" data-widget_type=\"image.default\">\n\t\t\t\t<div class=\"elementor-widget-container\">\n\t\t\t\t\t\t\t\t\t\t\t\t\t\t\t<img fetchpriority=\"high\" decoding=\"async\" width=\"500\" height=\"200\" src=\"https:\/\/djmusicpro.com\/wp-content\/uploads\/2025\/05\/Copia-de-wp-1.png\" class=\"attachment-large size-large wp-image-7370\" alt=\"\" srcset=\"https:\/\/djmusicpro.com\/wp-content\/uploads\/2025\/05\/Copia-de-wp-1.png 500w, https:\/\/djmusicpro.com\/wp-content\/uploads\/2025\/05\/Copia-de-wp-1-300x120.png 300w, https:\/\/djmusicpro.com\/wp-content\/uploads\/2025\/05\/Copia-de-wp-1-18x7.png 18w\" sizes=\"(max-width: 500px) 100vw, 500px\" \/>\t\t\t\t\t\t\t\t\t\t\t\t\t\t\t<\/div>\n\t\t\t\t<\/div>\n\t\t\t\t<div class=\"elementor-element elementor-element-2d57a4c elementor-widget elementor-widget-heading\" data-id=\"2d57a4c\" data-element_type=\"widget\" data-e-type=\"widget\" data-widget_type=\"heading.default\">\n\t\t\t\t<div class=\"elementor-widget-container\">\n\t\t\t\t\t<h2 class=\"elementor-heading-title elementor-size-default\">Programa de Parceiros<\/h2>\t\t\t\t<\/div>\n\t\t\t\t<\/div>\n\t\t\t\t<div class=\"elementor-element elementor-element-ff3df2e elementor-widget elementor-widget-text-editor\" data-id=\"ff3df2e\" data-element_type=\"widget\" data-e-type=\"widget\" data-widget_type=\"text-editor.default\">\n\t\t\t\t<div class=\"elementor-widget-container\">\n\t\t\t\t\t\t\t\t\t<p>Indique a Dj Music Pro para seus amigos e receba comiss\u00f5es recorrentes de at\u00e9 30%. Simples, lucrativo e sem complica\u00e7\u00e3o!<\/p>\t\t\t\t\t\t\t\t<\/div>\n\t\t\t\t<\/div>\n\t\t\t\t<div class=\"elementor-element elementor-element-fc06fce elementor-mobile-align-center elementor-widget elementor-widget-button\" data-id=\"fc06fce\" data-element_type=\"widget\" data-e-type=\"widget\" data-widget_type=\"button.default\">\n\t\t\t\t<div class=\"elementor-widget-container\">\n\t\t\t\t\t\t\t\t\t<div class=\"elementor-button-wrapper\">\n\t\t\t\t\t<a class=\"elementor-button elementor-button-link elementor-size-sm\" href=\"https:\/\/app.djmusicpro.com\/pt_br\/area-afiliado\/\">\n\t\t\t\t\t\t<span class=\"elementor-button-content-wrapper\">\n\t\t\t\t\t\t\t\t\t<span class=\"elementor-button-text\">QUERO SER PARCEIRO<\/span>\n\t\t\t\t\t<\/span>\n\t\t\t\t\t<\/a>\n\t\t\t\t<\/div>\n\t\t\t\t\t\t\t\t<\/div>\n\t\t\t\t<\/div>\n\t\t\t\t\t<\/div>\n\t\t<\/div>\n\t\t\t\t<div class=\"elementor-column elementor-col-50 elementor-top-column elementor-element elementor-element-56671a35\" data-id=\"56671a35\" data-element_type=\"column\" data-e-type=\"column\">\n\t\t\t<div class=\"elementor-widget-wrap elementor-element-populated\">\n\t\t\t\t\t\t<div class=\"elementor-element elementor-element-7fda1388 elementor-widget elementor-widget-image\" data-id=\"7fda1388\" data-element_type=\"widget\" data-e-type=\"widget\" data-widget_type=\"image.default\">\n\t\t\t\t<div class=\"elementor-widget-container\">\n\t\t\t\t\t\t\t\t\t\t\t\t\t\t\t<img decoding=\"async\" width=\"800\" height=\"534\" src=\"https:\/\/djmusicpro.com\/wp-content\/uploads\/2025\/05\/ChatGPT-Image-29-de-mai.-de-2025-15_10_17-1024x683.png\" class=\"attachment-large size-large wp-image-7314\" alt=\"\" srcset=\"https:\/\/djmusicpro.com\/wp-content\/uploads\/2025\/05\/ChatGPT-Image-29-de-mai.-de-2025-15_10_17-1024x683.png 1024w, https:\/\/djmusicpro.com\/wp-content\/uploads\/2025\/05\/ChatGPT-Image-29-de-mai.-de-2025-15_10_17-300x200.png 300w, https:\/\/djmusicpro.com\/wp-content\/uploads\/2025\/05\/ChatGPT-Image-29-de-mai.-de-2025-15_10_17-768x512.png 768w, https:\/\/djmusicpro.com\/wp-content\/uploads\/2025\/05\/ChatGPT-Image-29-de-mai.-de-2025-15_10_17-18x12.png 18w, https:\/\/djmusicpro.com\/wp-content\/uploads\/2025\/05\/ChatGPT-Image-29-de-mai.-de-2025-15_10_17-600x400.png 600w, https:\/\/djmusicpro.com\/wp-content\/uploads\/2025\/05\/ChatGPT-Image-29-de-mai.-de-2025-15_10_17.png 1536w\" sizes=\"(max-width: 800px) 100vw, 800px\" \/>\t\t\t\t\t\t\t\t\t\t\t\t\t\t\t<\/div>\n\t\t\t\t<\/div>\n\t\t\t\t\t<\/div>\n\t\t<\/div>\n\t\t\t\t\t<\/div>\n\t\t<\/section>\n\t\t\t\t<section class=\"elementor-section elementor-top-section elementor-element elementor-element-571fff62 elementor-section-boxed elementor-section-height-default elementor-section-height-default\" data-id=\"571fff62\" data-element_type=\"section\" data-e-type=\"section\" data-settings=\"{&quot;background_background&quot;:&quot;classic&quot;}\">\n\t\t\t\t\t\t\t<div class=\"elementor-background-overlay\"><\/div>\n\t\t\t\t\t\t\t<div class=\"elementor-container elementor-column-gap-default\">\n\t\t\t\t\t<div class=\"elementor-column elementor-col-100 elementor-top-column elementor-element elementor-element-5c427894\" data-id=\"5c427894\" data-element_type=\"column\" data-e-type=\"column\">\n\t\t\t<div class=\"elementor-widget-wrap elementor-element-populated\">\n\t\t\t\t\t\t<div class=\"elementor-element elementor-element-dd61e48 elementor-widget elementor-widget-heading\" data-id=\"dd61e48\" data-element_type=\"widget\" data-e-type=\"widget\" data-widget_type=\"heading.default\">\n\t\t\t\t<div class=\"elementor-widget-container\">\n\t\t\t\t\t<h2 class=\"elementor-heading-title elementor-size-medium\">Ganhe comiss\u00f5es recorrentes \n<\/h2>\t\t\t\t<\/div>\n\t\t\t\t<\/div>\n\t\t\t\t<div class=\"elementor-element elementor-element-0cd5f78 elementor-widget elementor-widget-text-editor\" data-id=\"0cd5f78\" data-element_type=\"widget\" data-e-type=\"widget\" data-widget_type=\"text-editor.default\">\n\t\t\t\t<div class=\"elementor-widget-container\">\n\t\t\t\t\t\t\t\t\t<section class=\"section\"><div id=\"i7su6b\" class=\"paragraph v2\">O Programa de Parceiros da DJ Musi Pro funciona assim:<\/div><\/section><div class=\"w-layout-blockcontainer container-4 w-container\"><div id=\"i5dqbb\" class=\"columns w-row\">\u00a0<\/div><\/div>\t\t\t\t\t\t\t\t<\/div>\n\t\t\t\t<\/div>\n\t\t\t\t<section class=\"elementor-section elementor-inner-section elementor-element elementor-element-6b636670 elementor-section-boxed elementor-section-height-default elementor-section-height-default\" data-id=\"6b636670\" data-element_type=\"section\" data-e-type=\"section\">\n\t\t\t\t\t\t<div class=\"elementor-container elementor-column-gap-wider\">\n\t\t\t\t\t<div class=\"elementor-column elementor-col-33 elementor-inner-column elementor-element elementor-element-7a4b5318\" data-id=\"7a4b5318\" data-element_type=\"column\" data-e-type=\"column\">\n\t\t\t<div class=\"elementor-widget-wrap elementor-element-populated\">\n\t\t\t\t\t\t<div class=\"elementor-element elementor-element-41120f3d elementor-view-default elementor-position-block-start elementor-mobile-position-block-start elementor-widget elementor-widget-icon-box\" data-id=\"41120f3d\" data-element_type=\"widget\" data-e-type=\"widget\" data-widget_type=\"icon-box.default\">\n\t\t\t\t<div class=\"elementor-widget-container\">\n\t\t\t\t\t\t\t<div class=\"elementor-icon-box-wrapper\">\n\n\t\t\t\t\t\t<div class=\"elementor-icon-box-icon\">\n\t\t\t\t<span  class=\"elementor-icon\">\n\t\t\t\t<i aria-hidden=\"true\" class=\"far fa-arrow-alt-circle-right\"><\/i>\t\t\t\t<\/span>\n\t\t\t<\/div>\n\t\t\t\n\t\t\t\t\t\t<div class=\"elementor-icon-box-content\">\n\n\t\t\t\t\t\t\t\t\t<h3 class=\"elementor-icon-box-title\">\n\t\t\t\t\t\t<span  >\n\t\t\t\t\t\t\tVoc\u00ea gera e compartilha o seu link\t\t\t\t\t\t<\/span>\n\t\t\t\t\t<\/h3>\n\t\t\t\t\n\t\t\t\t\t\t\t\t\t<p class=\"elementor-icon-box-description\">\n\t\t\t\t\t\tAp\u00f3s o cadastro, voc\u00ea ter\u00e1 um link pr\u00f3prio para divulgar a Dj Music Pro.\t\t\t\t\t<\/p>\n\t\t\t\t\n\t\t\t<\/div>\n\t\t\t\n\t\t<\/div>\n\t\t\t\t\t\t<\/div>\n\t\t\t\t<\/div>\n\t\t\t\t\t<\/div>\n\t\t<\/div>\n\t\t\t\t<div class=\"elementor-column elementor-col-33 elementor-inner-column elementor-element elementor-element-685499c5\" data-id=\"685499c5\" data-element_type=\"column\" data-e-type=\"column\" data-settings=\"{&quot;background_background&quot;:&quot;classic&quot;}\">\n\t\t\t<div class=\"elementor-widget-wrap elementor-element-populated\">\n\t\t\t\t\t\t<div class=\"elementor-element elementor-element-1aeb27c elementor-view-default elementor-position-block-start elementor-mobile-position-block-start elementor-widget elementor-widget-icon-box\" data-id=\"1aeb27c\" data-element_type=\"widget\" data-e-type=\"widget\" data-widget_type=\"icon-box.default\">\n\t\t\t\t<div class=\"elementor-widget-container\">\n\t\t\t\t\t\t\t<div class=\"elementor-icon-box-wrapper\">\n\n\t\t\t\t\t\t<div class=\"elementor-icon-box-icon\">\n\t\t\t\t<span  class=\"elementor-icon\">\n\t\t\t\t<i aria-hidden=\"true\" class=\"far fa-arrow-alt-circle-right\"><\/i>\t\t\t\t<\/span>\n\t\t\t<\/div>\n\t\t\t\n\t\t\t\t\t\t<div class=\"elementor-icon-box-content\">\n\n\t\t\t\t\t\t\t\t\t<h3 class=\"elementor-icon-box-title\">\n\t\t\t\t\t\t<span  >\n\t\t\t\t\t\t\tA sua audi\u00eancia acessa o link e se cadastra na DJ Music Pro\t\t\t\t\t\t<\/span>\n\t\t\t\t\t<\/h3>\n\t\t\t\t\n\t\t\t\t\t\t\t\t\t<p class=\"elementor-icon-box-description\">\n\t\t\t\t\t\tOs cadastros realizados atrav\u00e9s do seu link ter\u00e3o as comiss\u00f5es automaticamente computadas.\t\t\t\t\t<\/p>\n\t\t\t\t\n\t\t\t<\/div>\n\t\t\t\n\t\t<\/div>\n\t\t\t\t\t\t<\/div>\n\t\t\t\t<\/div>\n\t\t\t\t\t<\/div>\n\t\t<\/div>\n\t\t\t\t<div class=\"elementor-column elementor-col-33 elementor-inner-column elementor-element elementor-element-1bee6ea\" data-id=\"1bee6ea\" data-element_type=\"column\" data-e-type=\"column\">\n\t\t\t<div class=\"elementor-widget-wrap elementor-element-populated\">\n\t\t\t\t\t\t<div class=\"elementor-element elementor-element-40853d5 elementor-view-default elementor-position-block-start elementor-mobile-position-block-start elementor-widget elementor-widget-icon-box\" data-id=\"40853d5\" data-element_type=\"widget\" data-e-type=\"widget\" data-widget_type=\"icon-box.default\">\n\t\t\t\t<div class=\"elementor-widget-container\">\n\t\t\t\t\t\t\t<div class=\"elementor-icon-box-wrapper\">\n\n\t\t\t\t\t\t<div class=\"elementor-icon-box-icon\">\n\t\t\t\t<span  class=\"elementor-icon\">\n\t\t\t\t<i aria-hidden=\"true\" class=\"far fa-money-bill-alt\"><\/i>\t\t\t\t<\/span>\n\t\t\t<\/div>\n\t\t\t\n\t\t\t\t\t\t<div class=\"elementor-icon-box-content\">\n\n\t\t\t\t\t\t\t\t\t<h3 class=\"elementor-icon-box-title\">\n\t\t\t\t\t\t<span  >\n\t\t\t\t\t\t\tVoc\u00ea come\u00e7a a receber at\u00e9 30% de comiss\u00f5es\t\t\t\t\t\t<\/span>\n\t\t\t\t\t<\/h3>\n\t\t\t\t\n\t\t\t\t\t\t\t\t\t<p class=\"elementor-icon-box-description\">\n\t\t\t\t\t\tVoc\u00ea recebe comiss\u00f5es recorrentes por cada cliente indicado.\t\t\t\t\t<\/p>\n\t\t\t\t\n\t\t\t<\/div>\n\t\t\t\n\t\t<\/div>\n\t\t\t\t\t\t<\/div>\n\t\t\t\t<\/div>\n\t\t\t\t\t<\/div>\n\t\t<\/div>\n\t\t\t\t\t<\/div>\n\t\t<\/section>\n\t\t\t\t\t<\/div>\n\t\t<\/div>\n\t\t\t\t\t<\/div>\n\t\t<\/section>\n\t\t\t\t<\/div>","protected":false},"excerpt":{"rendered":"<p>Programa de Parceiros Indique a Dj Music Pro para seus amigos e receba comiss\u00f5es recorrentes de at\u00e9 30%. Simples, lucrativo e sem complica\u00e7\u00e3o! QUERO SER PARCEIRO Ganhe comiss\u00f5es recorrentes O Programa de Parceiros da DJ Musi Pro funciona assim: \u00a0 Voc\u00ea gera e compartilha o seu link Ap\u00f3s o cadastro, voc\u00ea ter\u00e1 um link pr\u00f3prio [&hellip;]<\/p>","protected":false},"author":11,"featured_media":0,"parent":0,"menu_order":0,"comment_status":"closed","ping_status":"closed","template":"elementor_canvas","meta":{"_mo_disable_npp":"","_joinchat":[],"footnotes":""},"class_list":["post-7305","page","type-page","status-publish","hentry"],"_links":{"self":[{"href":"https:\/\/djmusicpro.com\/en\/wp-json\/wp\/v2\/pages\/7305","targetHints":{"allow":["GET"]}}],"collection":[{"href":"https:\/\/djmusicpro.com\/en\/wp-json\/wp\/v2\/pages"}],"about":[{"href":"https:\/\/djmusicpro.com\/en\/wp-json\/wp\/v2\/types\/page"}],"author":[{"embeddable":true,"href":"https:\/\/djmusicpro.com\/en\/wp-json\/wp\/v2\/users\/11"}],"replies":[{"embeddable":true,"href":"https:\/\/djmusicpro.com\/en\/wp-json\/wp\/v2\/comments?post=7305"}],"version-history":[{"count":67,"href":"https:\/\/djmusicpro.com\/en\/wp-json\/wp\/v2\/pages\/7305\/revisions"}],"predecessor-version":[{"id":8674,"href":"https:\/\/djmusicpro.com\/en\/wp-json\/wp\/v2\/pages\/7305\/revisions\/8674"}],"wp:attachment":[{"href":"https:\/\/djmusicpro.com\/en\/wp-json\/wp\/v2\/media?parent=7305"}],"curies":[{"name":"wp","href":"https:\/\/api.w.org\/{rel}","templated":true}]}}