{"id":4345,"date":"2024-12-05T08:00:19","date_gmt":"2024-12-05T11:00:19","guid":{"rendered":"https:\/\/djmusicpro.com\/?page_id=4345"},"modified":"2024-12-09T09:33:37","modified_gmt":"2024-12-09T12:33:37","slug":"afiliado-login","status":"publish","type":"page","link":"https:\/\/djmusicpro.com\/en\/afiliado-login\/","title":{"rendered":"Afiliado &#8211; Login"},"content":{"rendered":"<div data-elementor-type=\"wp-page\" data-elementor-id=\"4345\" class=\"elementor elementor-4345\" data-elementor-post-type=\"page\">\n\t\t\t\t<div class=\"elementor-element elementor-element-9db9605 e-con-full e-flex e-con e-parent\" data-id=\"9db9605\" data-element_type=\"container\" data-e-type=\"container\" data-settings=\"{&quot;background_background&quot;:&quot;classic&quot;}\">\n\t\t<div class=\"elementor-element elementor-element-7c571b2 e-con-full e-flex e-con e-child\" data-id=\"7c571b2\" data-element_type=\"container\" data-e-type=\"container\" data-settings=\"{&quot;background_background&quot;:&quot;classic&quot;}\">\n\t\t\t\t<\/div>\n\t\t<div class=\"elementor-element elementor-element-a2e6b6c elementor-hidden-mobile elementor-hidden-tablet e-flex e-con-boxed e-con e-child\" data-id=\"a2e6b6c\" data-element_type=\"container\" data-e-type=\"container\">\n\t\t\t\t\t<div class=\"e-con-inner\">\n\t\t\t\t<div class=\"elementor-element elementor-element-585a27f elementor-widget elementor-widget-heading\" data-id=\"585a27f\" data-element_type=\"widget\" data-e-type=\"widget\" data-widget_type=\"heading.default\">\n\t\t\t\t<div class=\"elementor-widget-container\">\n\t\t\t\t\t<h2 class=\"elementor-heading-title elementor-size-default\">Fa\u00e7a seu Login<\/h2>\t\t\t\t<\/div>\n\t\t\t\t<\/div>\n\t\t\t\t\t<\/div>\n\t\t\t\t<\/div>\n\t\t<div class=\"elementor-element elementor-element-f269649 elementor-hidden-desktop e-flex e-con-boxed e-con e-child\" data-id=\"f269649\" data-element_type=\"container\" data-e-type=\"container\" data-settings=\"{&quot;background_background&quot;:&quot;classic&quot;}\">\n\t\t\t\t\t<div class=\"e-con-inner\">\n\t\t<div class=\"elementor-element elementor-element-65c53b9 e-flex e-con-boxed e-con e-child\" data-id=\"65c53b9\" data-element_type=\"container\" data-e-type=\"container\" data-settings=\"{&quot;background_background&quot;:&quot;classic&quot;}\">\n\t\t\t\t\t<div class=\"e-con-inner\">\n\t\t\t\t<div class=\"elementor-element elementor-element-ce6baa3 elementor-widget elementor-widget-heading\" data-id=\"ce6baa3\" data-element_type=\"widget\" data-e-type=\"widget\" data-widget_type=\"heading.default\">\n\t\t\t\t<div class=\"elementor-widget-container\">\n\t\t\t\t\t<h2 class=\"elementor-heading-title elementor-size-default\">Fa\u00e7a seu Login<\/h2>\t\t\t\t<\/div>\n\t\t\t\t<\/div>\n\t\t\t\t\t<\/div>\n\t\t\t\t<\/div>\n\t\t\t\t\t<\/div>\n\t\t\t\t<\/div>\n\t\t\t\t<\/div>\n\t\t<div class=\"elementor-element elementor-element-0828a0d e-flex e-con-boxed e-con e-parent\" data-id=\"0828a0d\" data-element_type=\"container\" data-e-type=\"container\">\n\t\t\t\t\t<div class=\"e-con-inner\">\n\t\t\t\t\t<\/div>\n\t\t\t\t<\/div>\n\t\t\t\t<\/div>","protected":false},"excerpt":{"rendered":"<p>Fa\u00e7a seu Login Voc\u00ea j\u00e1 est\u00e1 conectado como valdotrafego. (Sair) Nome de usu\u00e1rio ou endere\u00e7o de e-mail Acessar Fa\u00e7a seu Login Voc\u00ea j\u00e1 est\u00e1 conectado como valdotrafego. (Sair) Nome de usu\u00e1rio ou endere\u00e7o de e-mail Acessar<\/p>","protected":false},"author":11,"featured_media":0,"parent":0,"menu_order":0,"comment_status":"closed","ping_status":"closed","template":"elementor_canvas","meta":{"_mo_disable_npp":"","_joinchat":[],"footnotes":""},"class_list":["post-4345","page","type-page","status-publish","hentry"],"_links":{"self":[{"href":"https:\/\/djmusicpro.com\/en\/wp-json\/wp\/v2\/pages\/4345","targetHints":{"allow":["GET"]}}],"collection":[{"href":"https:\/\/djmusicpro.com\/en\/wp-json\/wp\/v2\/pages"}],"about":[{"href":"https:\/\/djmusicpro.com\/en\/wp-json\/wp\/v2\/types\/page"}],"author":[{"embeddable":true,"href":"https:\/\/djmusicpro.com\/en\/wp-json\/wp\/v2\/users\/11"}],"replies":[{"embeddable":true,"href":"https:\/\/djmusicpro.com\/en\/wp-json\/wp\/v2\/comments?post=4345"}],"version-history":[{"count":0,"href":"https:\/\/djmusicpro.com\/en\/wp-json\/wp\/v2\/pages\/4345\/revisions"}],"wp:attachment":[{"href":"https:\/\/djmusicpro.com\/en\/wp-json\/wp\/v2\/media?parent=4345"}],"curies":[{"name":"wp","href":"https:\/\/api.w.org\/{rel}","templated":true}]}}